{"id":44,"date":"2026-02-11T08:20:35","date_gmt":"2026-02-11T08:20:35","guid":{"rendered":"http:\/\/paroisses-guemene-sur-scorff.fr\/?page_id=44"},"modified":"2026-02-11T08:20:35","modified_gmt":"2026-02-11T08:20:35","slug":"cimetiere-de-guemene","status":"publish","type":"page","link":"https:\/\/paroisses-guemene-sur-scorff.fr\/index.php\/cimetiere-de-guemene\/","title":{"rendered":"Cimeti\u00e8re de Gu\u00e9men\u00e9"},"content":{"rendered":"\n<h2 class=\"wp-block-heading\">Un jour ou l\u2019autre, en passant par le cimeti\u00e8re de Gu\u00e9men\u00e9<\/h2>\n\n\n\n<figure data-wp-context=\"{&quot;imageId&quot;:&quot;69e5b9a98d39e&quot;}\" data-wp-interactive=\"core\/image\" data-wp-key=\"69e5b9a98d39e\" class=\"wp-block-image aligncenter size-large is-resized wp-lightbox-container\"><img loading=\"lazy\" decoding=\"async\" width=\"622\" height=\"1024\" data-wp-class--hide=\"state.isContentHidden\" data-wp-class--show=\"state.isContentVisible\" data-wp-init=\"callbacks.setButtonStyles\" data-wp-on--click=\"actions.showLightbox\" data-wp-on--load=\"callbacks.setButtonStyles\" data-wp-on-window--resize=\"callbacks.setButtonStyles\" src=\"http:\/\/paroisses-guemene-sur-scorff.fr\/wp-content\/uploads\/2026\/02\/croix-cimetiere-guemene-sur-scorff-622x1024.jpg\" alt=\"\" class=\"wp-image-46\" style=\"width:300px\" srcset=\"https:\/\/paroisses-guemene-sur-scorff.fr\/wp-content\/uploads\/2026\/02\/croix-cimetiere-guemene-sur-scorff-622x1024.jpg 622w, https:\/\/paroisses-guemene-sur-scorff.fr\/wp-content\/uploads\/2026\/02\/croix-cimetiere-guemene-sur-scorff-182x300.jpg 182w, https:\/\/paroisses-guemene-sur-scorff.fr\/wp-content\/uploads\/2026\/02\/croix-cimetiere-guemene-sur-scorff-768x1265.jpg 768w, https:\/\/paroisses-guemene-sur-scorff.fr\/wp-content\/uploads\/2026\/02\/croix-cimetiere-guemene-sur-scorff-933x1536.jpg 933w, https:\/\/paroisses-guemene-sur-scorff.fr\/wp-content\/uploads\/2026\/02\/croix-cimetiere-guemene-sur-scorff.jpg 1000w\" sizes=\"auto, (max-width: 622px) 100vw, 622px\" \/><button\n\t\t\tclass=\"lightbox-trigger\"\n\t\t\ttype=\"button\"\n\t\t\taria-haspopup=\"dialog\"\n\t\t\taria-label=\"Agrandir\"\n\t\t\tdata-wp-init=\"callbacks.initTriggerButton\"\n\t\t\tdata-wp-on--click=\"actions.showLightbox\"\n\t\t\tdata-wp-style--right=\"state.imageButtonRight\"\n\t\t\tdata-wp-style--top=\"state.imageButtonTop\"\n\t\t>\n\t\t\t<svg xmlns=\"http:\/\/www.w3.org\/2000\/svg\" width=\"12\" height=\"12\" fill=\"none\" viewBox=\"0 0 12 12\">\n\t\t\t\t<path fill=\"#fff\" d=\"M2 0a2 2 0 0 0-2 2v2h1.5V2a.5.5 0 0 1 .5-.5h2V0H2Zm2 10.5H2a.5.5 0 0 1-.5-.5V8H0v2a2 2 0 0 0 2 2h2v-1.5ZM8 12v-1.5h2a.5.5 0 0 0 .5-.5V8H12v2a2 2 0 0 1-2 2H8Zm2-12a2 2 0 0 1 2 2v2h-1.5V2a.5.5 0 0 0-.5-.5H8V0h2Z\" \/>\n\t\t\t<\/svg>\n\t\t<\/button><\/figure>\n\n\n\n<p>De 1838 \u00e0 1886, Edouard Modille de Villeneuve, oncle de Mgr L\u00e9once Modille de Villeneuve, fut notamment conservateur du cimeti\u00e8re de Gu\u00e9men\u00e9. Des pages laiss\u00e9es par lui sur l\u2019histoire des trois cimeti\u00e8res de la cit\u00e9, partageons en une que tous les familiers du lieu aimeront d\u00e9couvrir ou relire. En entrant dans le cimeti\u00e8re (les deux premiers lieux de s\u00e9pultures gu\u00e9menois \u00e9taient dans la Coll\u00e9giale et autour de la Coll\u00e9giale avant sa disparition, c\u2019est-\u00e0-dire sur l\u2019endroit actuel de l\u2019\u00e9glise), arr\u00eatons-nous devant la croix qui est sur la droite. C\u2019est un modeste t\u00e9moin des ans, au pied de laquelle le visiteur peut lire cette m\u00e9ditation \u00e9loquente&nbsp;:<\/p>\n\n\n\n<p>\u00ab&nbsp;Une vieille croix en granit s\u2019\u00e9l\u00e8ve dans la premi\u00e8re Division (du cimeti\u00e8re). En face de l\u2019all\u00e9e principale elle marque o\u00f9 ont \u00e9t\u00e9 enfouis les ossements trouv\u00e9s dans les fouilles pratiqu\u00e9es dans l\u2019ancien cimeti\u00e8re et la vieille coll\u00e9giale pour la construction de la nouvelle \u00e9glise en 1822.<\/p>\n\n\n\n<p>Voici une des inscriptions qu\u2019on lit au pied de cette croix&nbsp;: \u2018&nbsp;Ici ont \u00e9t\u00e9 entass\u00e9es p\u00e8le m\u00eale, cinq charret\u00e9es d\u2019ossements arrach\u00e9s aux caveaux des Ducs de Rohan, aux enfeux<a href=\"#sdfootnote1sym\" id=\"sdfootnote1anc\"><sup>1<\/sup><\/a> seigneuriaux, aux tombes du Chapitre<a href=\"#sdfootnote2sym\" id=\"sdfootnote2anc\"><sup>2<\/sup><\/a>, au charnier et aux fosses communes de l\u2019ancienne Coll\u00e9giale de la ville de Gu\u00e9men\u00e9.&nbsp;\u2018 Cette inscription n\u2019est plus l\u00e0 aujourd\u2019hui.<\/p>\n\n\n\n<p>Une autre inscription \u00e9crite sur un panneau, et qui, elle, demeure actuellement au pied de cette croix, invite le passant \u00e0 m\u00e9diter sur ce qui fait la valeur d\u2019une vie&nbsp;:<\/p>\n\n\n\n<p>\u00ab&nbsp;<em>\u00d4 vous qui franchissez le seuil de cette enceinte,<\/em><\/p>\n\n\n\n<p><em>Pour pleurer des amis ou voir un monument,<\/em><\/p>\n\n\n\n<p><em>Arr\u00eatez-vous, un peu, devant cette croix sainte,<\/em><\/p>\n\n\n\n<p><em>Chaque pierre, en ces lieux, porte un enseignement.<\/em><\/p>\n\n\n\n<p><em>Ici, sous ces quelques brins d\u2019herbe,<\/em><\/p>\n\n\n\n<p><em>La mort, avec sa faux, n\u2019a form\u00e9 qu\u2019une gerbe<\/em><\/p>\n\n\n\n<p><em>Du prince et du vassal, de l\u2019humble et du superbe.<\/em><\/p>\n\n\n\n<p><em>Elle a m\u00eal\u00e9 l\u2019ivraie avec le pur froment.<\/em><\/p>\n\n\n\n<p><em>Sous son triangle<\/em><a href=\"#sdfootnote3sym\" id=\"sdfootnote3anc\"><sup>3<\/sup><\/a> <em>\u00e9galitaire,<\/em><\/p>\n\n\n\n<p><em>Elle a nivel\u00e9 la poussi\u00e8re<\/em><\/p>\n\n\n\n<p><em>Des temps et des rangs confondus,<\/em><\/p>\n\n\n\n<p><em>Et dans le cachot de la tombe,<\/em><\/p>\n\n\n\n<p><em>Ne laisse \u00e0 l\u2019homme qui succombe<\/em><\/p>\n\n\n\n<p><em>Que ses crimes ou ses vertus.<\/em><\/p>\n\n\n\n<p><em>Et qu\u2019importe, apr\u00e8s tout, au moment du naufrage,<\/em><\/p>\n\n\n\n<p><em>Sur un vaisseau dor\u00e9, d\u2019avoir fendu les mers,<\/em><\/p>\n\n\n\n<p><em>Ou sur un fr\u00eale esquif ballott\u00e9 par l\u2019orage,<\/em><\/p>\n\n\n\n<p><em>D\u2019avoir ram\u00e9, sans bruit, au sein des flots amers,<\/em><\/p>\n\n\n\n<p><em>Puisque le m\u00eame \u00e9cueil doit briser toute barque.<\/em><\/p>\n\n\n\n<p><em>Oh&nbsp;! Ne l\u2019oubliez pas, matelots ou monarque,<\/em><\/p>\n\n\n\n<p><em>L\u2019homme n\u2019est grand que par le c\u0153ur.<\/em><\/p>\n\n\n\n<p><em>Votre fosse sera votre seul h\u00e9ritage.<\/em><\/p>\n\n\n\n<p><em>Quand&nbsp;? Peut-\u00eatre demain\u2026 Songez-y davantage,<\/em><\/p>\n\n\n\n<p><em>Afin d\u2019\u00eatre meilleur,<\/em><\/p>\n\n\n\n<p><em>Afin que la vertu vous serve de boussole,<\/em><\/p>\n\n\n\n<p><em>Que la charit\u00e9 vous console,<\/em><\/p>\n\n\n\n<p><em>Et qu\u2019un ange du Ciel vous emporte et s\u2019envole,<\/em><\/p>\n\n\n\n<p><em>Vers les rivages du Bonheur.&nbsp;\u00bb<\/em><\/p>\n\n\n\n<p>Que de fois, en arpentant ce lieu sacr\u00e9, dont il fit le plan, Edouard Modille de Villeneuve, d\u00fbt m\u00e9diter sur les vraies valeurs de l\u2019existence&nbsp;! C\u2019est ce qui a d\u00fb le conduire \u00e0 composer cette m\u00e9ditation (livre manuscrit, p.189). On peut \u00eatre tr\u00e8s jeune et avoir une grande sagesse, on peut aussi n\u2019acqu\u00e9rir la sagesse que sur le tard. A tout \u00e2ge en tout cas, la vraie valeur humaine quelque soient nos convictions n\u2019est-elle pas de se redire&nbsp;: \u00ab&nbsp;<em>L\u2019homme n\u2019est grand que par le c\u0153ur&nbsp;<\/em>\u00bb.<\/p>\n\n\n\n<p class=\"has-text-align-right\"><em>Yves de Brunhoff<\/em><br><em>(diacre permanent) arri\u00e8re arri\u00e8re petit neveu<\/em><br><em>de<\/em> <em>Edouard de Villeneuve<\/em><\/p>\n\n\n\n<p><a href=\"#sdfootnote1anc\" id=\"sdfootnote1sym\">1<\/a> Niche \u00e0 fond plat m\u00e9nag\u00e9e dans un mur pour abriter un tombeau. (\u00c9glises m\u00e9di\u00e9vales.)<\/p>\n\n\n\n<p><a href=\"#sdfootnote2anc\" id=\"sdfootnote2sym\">2<\/a>&nbsp;Le coll\u00e8ge de pr\u00eatres auquel il revient d&rsquo;accomplir les fonctions liturgiques plus solennelles dans l&rsquo;\u00e9glise cath\u00e9drale ou coll\u00e9giale<\/p>\n\n\n\n<p><a href=\"#sdfootnote3anc\" id=\"sdfootnote3sym\">3<\/a> Le triangle rappelle la forme de la lame de la faux.<\/p>\n","protected":false},"excerpt":{"rendered":"<p>Un jour ou l\u2019autre, en passant par le cimeti\u00e8re de Gu\u00e9men\u00e9 De 1838 \u00e0 1886, Edouard Modille de Villeneuve, oncle de Mgr L\u00e9once Modille de Villeneuve, fut notamment conservateur du cimeti\u00e8re de Gu\u00e9men\u00e9. Des pages laiss\u00e9es par lui sur l\u2019histoire des trois cimeti\u00e8res de la cit\u00e9, partageons en une que tous les familiers du lieu [&hellip;]<\/p>\n","protected":false},"author":1,"featured_media":0,"parent":0,"menu_order":0,"comment_status":"closed","ping_status":"closed","template":"","meta":{"iawp_total_views":7,"footnotes":""},"class_list":["post-44","page","type-page","status-publish","hentry"],"_links":{"self":[{"href":"https:\/\/paroisses-guemene-sur-scorff.fr\/index.php\/wp-json\/wp\/v2\/pages\/44","targetHints":{"allow":["GET"]}}],"collection":[{"href":"https:\/\/paroisses-guemene-sur-scorff.fr\/index.php\/wp-json\/wp\/v2\/pages"}],"about":[{"href":"https:\/\/paroisses-guemene-sur-scorff.fr\/index.php\/wp-json\/wp\/v2\/types\/page"}],"author":[{"embeddable":true,"href":"https:\/\/paroisses-guemene-sur-scorff.fr\/index.php\/wp-json\/wp\/v2\/users\/1"}],"replies":[{"embeddable":true,"href":"https:\/\/paroisses-guemene-sur-scorff.fr\/index.php\/wp-json\/wp\/v2\/comments?post=44"}],"version-history":[{"count":2,"href":"https:\/\/paroisses-guemene-sur-scorff.fr\/index.php\/wp-json\/wp\/v2\/pages\/44\/revisions"}],"predecessor-version":[{"id":47,"href":"https:\/\/paroisses-guemene-sur-scorff.fr\/index.php\/wp-json\/wp\/v2\/pages\/44\/revisions\/47"}],"wp:attachment":[{"href":"https:\/\/paroisses-guemene-sur-scorff.fr\/index.php\/wp-json\/wp\/v2\/media?parent=44"}],"curies":[{"name":"wp","href":"https:\/\/api.w.org\/{rel}","templated":true}]}}