{"id":31,"date":"2026-02-10T11:17:11","date_gmt":"2026-02-10T11:17:11","guid":{"rendered":"http:\/\/paroisses-guemene-sur-scorff.fr\/?page_id=31"},"modified":"2026-02-11T08:50:12","modified_gmt":"2026-02-11T08:50:12","slug":"ecoles","status":"publish","type":"page","link":"https:\/\/paroisses-guemene-sur-scorff.fr\/index.php\/ecoles\/","title":{"rendered":"\u00c9coles"},"content":{"rendered":"\n<p>Notre ensemble paroissial accueille deux \u00e9coles catholiques. <\/p>\n\n\n\n<div style=\"height:50px\" aria-hidden=\"true\" class=\"wp-block-spacer\"><\/div>\n\n\n\n<h2 class=\"wp-block-heading\">L&rsquo;\u00e9cole Saint Jean Baptiste<\/h2>\n\n\n\n<figure class=\"wp-block-image size-full\"><img loading=\"lazy\" decoding=\"async\" width=\"1000\" height=\"750\" src=\"http:\/\/paroisses-guemene-sur-scorff.fr\/wp-content\/uploads\/2026\/02\/Ecole-st-Jean-Baptiste.jpg\" alt=\"\" class=\"wp-image-62\" srcset=\"https:\/\/paroisses-guemene-sur-scorff.fr\/wp-content\/uploads\/2026\/02\/Ecole-st-Jean-Baptiste.jpg 1000w, https:\/\/paroisses-guemene-sur-scorff.fr\/wp-content\/uploads\/2026\/02\/Ecole-st-Jean-Baptiste-300x225.jpg 300w, https:\/\/paroisses-guemene-sur-scorff.fr\/wp-content\/uploads\/2026\/02\/Ecole-st-Jean-Baptiste-768x576.jpg 768w\" sizes=\"auto, (max-width: 1000px) 100vw, 1000px\" \/><\/figure>\n\n\n\n<p>T\u00e9l: <a href=\"tel:0297512133\">02.97.51.21.33<\/a><\/p>\n\n\n\n<p>Courriel : <a href=\"mailto:eco56.stje.guemene-sur-scorff@enseignement-catholique.bzh\">eco56.stje.guemene-sur-scorff@enseignement-catholique.bzh<\/a><\/p>\n\n\n\n<div style=\"height:50px\" aria-hidden=\"true\" class=\"wp-block-spacer\"><\/div>\n\n\n\n<h2 class=\"wp-block-heading\">Le coll\u00e8ge Sainte Anne<\/h2>\n\n\n\n<figure class=\"wp-block-image size-full\"><img loading=\"lazy\" decoding=\"async\" width=\"1000\" height=\"655\" src=\"http:\/\/paroisses-guemene-sur-scorff.fr\/wp-content\/uploads\/2026\/02\/college-Ste-Anne.jpg\" alt=\"\" class=\"wp-image-63\" srcset=\"https:\/\/paroisses-guemene-sur-scorff.fr\/wp-content\/uploads\/2026\/02\/college-Ste-Anne.jpg 1000w, https:\/\/paroisses-guemene-sur-scorff.fr\/wp-content\/uploads\/2026\/02\/college-Ste-Anne-300x197.jpg 300w, https:\/\/paroisses-guemene-sur-scorff.fr\/wp-content\/uploads\/2026\/02\/college-Ste-Anne-768x503.jpg 768w\" sizes=\"auto, (max-width: 1000px) 100vw, 1000px\" \/><\/figure>\n\n\n\n<p>T\u00e9l: <a href=\"tel:0297512148\">02.97.51.21.48<\/a><\/p>\n\n\n\n<p>Courriel : <a href=\"mailto:col.stean.guemene-sur-scorff@enseignement-catholique.bzh\">col.stean.guemene-sur-scorff@enseignement-catholique.bzh<\/a><\/p>\n\n\n\n<p><\/p>\n\n\n\n<p><\/p>\n","protected":false},"excerpt":{"rendered":"<p>Notre ensemble paroissial accueille deux \u00e9coles catholiques. L&rsquo;\u00e9cole Saint Jean Baptiste T\u00e9l: 02.97.51.21.33 Courriel : eco56.stje.guemene-sur-scorff@enseignement-catholique.bzh Le coll\u00e8ge Sainte Anne T\u00e9l: 02.97.51.21.48 Courriel : col.stean.guemene-sur-scorff@enseignement-catholique.bzh<\/p>\n","protected":false},"author":1,"featured_media":0,"parent":0,"menu_order":0,"comment_status":"closed","ping_status":"closed","template":"","meta":{"iawp_total_views":5,"footnotes":""},"class_list":["post-31","page","type-page","status-publish","hentry"],"_links":{"self":[{"href":"https:\/\/paroisses-guemene-sur-scorff.fr\/index.php\/wp-json\/wp\/v2\/pages\/31","targetHints":{"allow":["GET"]}}],"collection":[{"href":"https:\/\/paroisses-guemene-sur-scorff.fr\/index.php\/wp-json\/wp\/v2\/pages"}],"about":[{"href":"https:\/\/paroisses-guemene-sur-scorff.fr\/index.php\/wp-json\/wp\/v2\/types\/page"}],"author":[{"embeddable":true,"href":"https:\/\/paroisses-guemene-sur-scorff.fr\/index.php\/wp-json\/wp\/v2\/users\/1"}],"replies":[{"embeddable":true,"href":"https:\/\/paroisses-guemene-sur-scorff.fr\/index.php\/wp-json\/wp\/v2\/comments?post=31"}],"version-history":[{"count":5,"href":"https:\/\/paroisses-guemene-sur-scorff.fr\/index.php\/wp-json\/wp\/v2\/pages\/31\/revisions"}],"predecessor-version":[{"id":64,"href":"https:\/\/paroisses-guemene-sur-scorff.fr\/index.php\/wp-json\/wp\/v2\/pages\/31\/revisions\/64"}],"wp:attachment":[{"href":"https:\/\/paroisses-guemene-sur-scorff.fr\/index.php\/wp-json\/wp\/v2\/media?parent=31"}],"curies":[{"name":"wp","href":"https:\/\/api.w.org\/{rel}","templated":true}]}}