{"id":27,"date":"2026-02-10T11:16:17","date_gmt":"2026-02-10T11:16:17","guid":{"rendered":"http:\/\/paroisses-guemene-sur-scorff.fr\/?page_id=27"},"modified":"2026-03-11T15:13:29","modified_gmt":"2026-03-11T15:13:29","slug":"chapelles","status":"publish","type":"page","link":"https:\/\/paroisses-guemene-sur-scorff.fr\/index.php\/chapelles\/","title":{"rendered":"\u00c9glises et chapelles"},"content":{"rendered":"\n<div style=\"height:50px\" aria-hidden=\"true\" class=\"wp-block-spacer\"><\/div>\n\n\n\n<h2 class=\"wp-block-heading\">Gu\u00e9men\u00e9-sur-Scorff<\/h2>\n\n\n\n<div class=\"wp-block-columns is-layout-flex wp-container-core-columns-is-layout-28f84493 wp-block-columns-is-layout-flex\">\n<div class=\"wp-block-column is-vertically-aligned-top is-layout-flow wp-block-column-is-layout-flow\">\n<figure class=\"wp-block-image alignleft size-large\"><a href=\"http:\/\/paroisses-guemene-sur-scorff.fr\/index.php\/eglise-notre-dame-de-la-fosse-2\/\"><img loading=\"lazy\" decoding=\"async\" width=\"1024\" height=\"922\" src=\"http:\/\/paroisses-guemene-sur-scorff.fr\/wp-content\/uploads\/2026\/02\/Eglise-Notre-Dame-de-la-Fosse-1024x922.jpg\" alt=\"\" class=\"wp-image-124\" srcset=\"https:\/\/paroisses-guemene-sur-scorff.fr\/wp-content\/uploads\/2026\/02\/Eglise-Notre-Dame-de-la-Fosse-1024x922.jpg 1024w, https:\/\/paroisses-guemene-sur-scorff.fr\/wp-content\/uploads\/2026\/02\/Eglise-Notre-Dame-de-la-Fosse-300x270.jpg 300w, https:\/\/paroisses-guemene-sur-scorff.fr\/wp-content\/uploads\/2026\/02\/Eglise-Notre-Dame-de-la-Fosse-768x691.jpg 768w, https:\/\/paroisses-guemene-sur-scorff.fr\/wp-content\/uploads\/2026\/02\/Eglise-Notre-Dame-de-la-Fosse.jpg 1042w\" sizes=\"auto, (max-width: 1024px) 100vw, 1024px\" \/><\/a><figcaption class=\"wp-element-caption\"><a href=\"http:\/\/paroisses-guemene-sur-scorff.fr\/index.php\/eglise-notre-dame-de-la-fosse-2\/\" data-type=\"link\" data-id=\"http:\/\/paroisses-guemene-sur-scorff.fr\/index.php\/eglise-notre-dame-de-la-fosse-2\/\">Eglise ND de la Fosse<\/a><\/figcaption><\/figure>\n<\/div>\n\n\n\n<div class=\"wp-block-column is-vertically-aligned-top is-layout-flow wp-block-column-is-layout-flow\">\n<figure class=\"wp-block-image alignleft size-large is-resized\"><img loading=\"lazy\" decoding=\"async\" width=\"768\" height=\"1024\" src=\"http:\/\/paroisses-guemene-sur-scorff.fr\/wp-content\/uploads\/2026\/02\/statue-de-ND-de-la-Fosse-768x1024.jpg\" alt=\"\" class=\"wp-image-127\" style=\"aspect-ratio:0.7500196958953754;width:200px;height:auto\" srcset=\"https:\/\/paroisses-guemene-sur-scorff.fr\/wp-content\/uploads\/2026\/02\/statue-de-ND-de-la-Fosse-768x1025.jpg 768w, https:\/\/paroisses-guemene-sur-scorff.fr\/wp-content\/uploads\/2026\/02\/statue-de-ND-de-la-Fosse-225x300.jpg 225w, https:\/\/paroisses-guemene-sur-scorff.fr\/wp-content\/uploads\/2026\/02\/statue-de-ND-de-la-Fosse.jpg 853w\" sizes=\"auto, (max-width: 768px) 100vw, 768px\" \/><figcaption class=\"wp-element-caption\">statue de ND de la Fosse<\/figcaption><\/figure>\n<\/div>\n<\/div>\n\n\n\n<div class=\"wp-block-columns is-layout-flex wp-container-core-columns-is-layout-28f84493 wp-block-columns-is-layout-flex\">\n<div class=\"wp-block-column is-layout-flow wp-block-column-is-layout-flow\">\n<figure class=\"wp-block-image alignleft size-large\"><img loading=\"lazy\" decoding=\"async\" width=\"1024\" height=\"682\" src=\"http:\/\/paroisses-guemene-sur-scorff.fr\/wp-content\/uploads\/2026\/02\/clocher-1024x682.jpg\" alt=\"\" class=\"wp-image-126\" srcset=\"https:\/\/paroisses-guemene-sur-scorff.fr\/wp-content\/uploads\/2026\/02\/clocher-1024x682.jpg 1024w, https:\/\/paroisses-guemene-sur-scorff.fr\/wp-content\/uploads\/2026\/02\/clocher-300x200.jpg 300w, https:\/\/paroisses-guemene-sur-scorff.fr\/wp-content\/uploads\/2026\/02\/clocher-768x512.jpg 768w, https:\/\/paroisses-guemene-sur-scorff.fr\/wp-content\/uploads\/2026\/02\/clocher-1536x1023.jpg 1536w, https:\/\/paroisses-guemene-sur-scorff.fr\/wp-content\/uploads\/2026\/02\/clocher.jpg 1900w\" sizes=\"auto, (max-width: 1024px) 100vw, 1024px\" \/><figcaption class=\"wp-element-caption\">clocher <\/figcaption><\/figure>\n<\/div>\n\n\n\n<div class=\"wp-block-column is-layout-flow wp-block-column-is-layout-flow\">\n<figure class=\"wp-block-image alignleft size-full\"><img loading=\"lazy\" decoding=\"async\" width=\"647\" height=\"485\" src=\"http:\/\/paroisses-guemene-sur-scorff.fr\/wp-content\/uploads\/2026\/02\/Fontaine.jpg\" alt=\"\" class=\"wp-image-125\" srcset=\"https:\/\/paroisses-guemene-sur-scorff.fr\/wp-content\/uploads\/2026\/02\/Fontaine.jpg 647w, https:\/\/paroisses-guemene-sur-scorff.fr\/wp-content\/uploads\/2026\/02\/Fontaine-300x225.jpg 300w\" sizes=\"auto, (max-width: 647px) 100vw, 647px\" \/><figcaption class=\"wp-element-caption\">fontaine<\/figcaption><\/figure>\n<\/div>\n<\/div>\n\n\n\n<div style=\"height:50px\" aria-hidden=\"true\" class=\"wp-block-spacer\"><\/div>\n\n\n\n<h2 class=\"wp-block-heading\">Locmalo<\/h2>\n\n\n\n<div class=\"wp-block-columns is-layout-flex wp-container-core-columns-is-layout-28f84493 wp-block-columns-is-layout-flex\">\n<div class=\"wp-block-column is-layout-flow wp-block-column-is-layout-flow\">\n<figure class=\"wp-block-image size-large\"><img loading=\"lazy\" decoding=\"async\" width=\"768\" height=\"1024\" src=\"http:\/\/paroisses-guemene-sur-scorff.fr\/wp-content\/uploads\/2026\/02\/eglise-st-malo-768x1024.jpg\" alt=\"\" class=\"wp-image-129\" srcset=\"https:\/\/paroisses-guemene-sur-scorff.fr\/wp-content\/uploads\/2026\/02\/eglise-st-malo-768x1025.jpg 768w, https:\/\/paroisses-guemene-sur-scorff.fr\/wp-content\/uploads\/2026\/02\/eglise-st-malo-225x300.jpg 225w, https:\/\/paroisses-guemene-sur-scorff.fr\/wp-content\/uploads\/2026\/02\/eglise-st-malo.jpg 853w\" sizes=\"auto, (max-width: 768px) 100vw, 768px\" \/><figcaption class=\"wp-element-caption\">Eglise St Malo<\/figcaption><\/figure>\n<\/div>\n\n\n\n<div class=\"wp-block-column is-layout-flow wp-block-column-is-layout-flow\">\n<figure class=\"wp-block-image size-large\"><img loading=\"lazy\" decoding=\"async\" width=\"768\" height=\"1024\" src=\"http:\/\/paroisses-guemene-sur-scorff.fr\/wp-content\/uploads\/2026\/02\/Chapelle-de-st-Eugene-et-fontaine-768x1024.jpg\" alt=\"\" class=\"wp-image-130\" srcset=\"https:\/\/paroisses-guemene-sur-scorff.fr\/wp-content\/uploads\/2026\/02\/Chapelle-de-st-Eugene-et-fontaine-768x1024.jpg 768w, https:\/\/paroisses-guemene-sur-scorff.fr\/wp-content\/uploads\/2026\/02\/Chapelle-de-st-Eugene-et-fontaine-225x300.jpg 225w, https:\/\/paroisses-guemene-sur-scorff.fr\/wp-content\/uploads\/2026\/02\/Chapelle-de-st-Eugene-et-fontaine.jpg 854w\" sizes=\"auto, (max-width: 768px) 100vw, 768px\" \/><figcaption class=\"wp-element-caption\">Chapelle St Eug\u00e8ne<br><\/figcaption><\/figure>\n<\/div>\n<\/div>\n\n\n\n<div class=\"wp-block-columns is-layout-flex wp-container-core-columns-is-layout-28f84493 wp-block-columns-is-layout-flex\">\n<div class=\"wp-block-column is-layout-flow wp-block-column-is-layout-flow\">\n<figure class=\"wp-block-image size-large\"><a href=\"http:\/\/paroisses-guemene-sur-scorff.fr\/index.php\/chapelle-de-kerlenat-notre-dame-de-grace\/\"><img loading=\"lazy\" decoding=\"async\" width=\"768\" height=\"1024\" src=\"http:\/\/paroisses-guemene-sur-scorff.fr\/wp-content\/uploads\/2026\/02\/Chapelle-de-Kerlenat-768x1024.jpg\" alt=\"\" class=\"wp-image-131\" srcset=\"https:\/\/paroisses-guemene-sur-scorff.fr\/wp-content\/uploads\/2026\/02\/Chapelle-de-Kerlenat-768x1024.jpg 768w, https:\/\/paroisses-guemene-sur-scorff.fr\/wp-content\/uploads\/2026\/02\/Chapelle-de-Kerlenat-225x300.jpg 225w, https:\/\/paroisses-guemene-sur-scorff.fr\/wp-content\/uploads\/2026\/02\/Chapelle-de-Kerlenat.jpg 854w\" sizes=\"auto, (max-width: 768px) 100vw, 768px\" \/><\/a><figcaption class=\"wp-element-caption\">Chapelle de Kerl\u00e9nat &#8211; Notre Dame de Gr\u00e2ce<\/figcaption><\/figure>\n<\/div>\n\n\n\n<div class=\"wp-block-column is-layout-flow wp-block-column-is-layout-flow\">\n<figure class=\"wp-block-image size-large\"><img loading=\"lazy\" decoding=\"async\" width=\"768\" height=\"1024\" src=\"http:\/\/paroisses-guemene-sur-scorff.fr\/wp-content\/uploads\/2026\/02\/fontaine-chapelle-st-Symphorien-Longueville-768x1024.jpg\" alt=\"\" class=\"wp-image-132\" srcset=\"https:\/\/paroisses-guemene-sur-scorff.fr\/wp-content\/uploads\/2026\/02\/fontaine-chapelle-st-Symphorien-Longueville-768x1025.jpg 768w, https:\/\/paroisses-guemene-sur-scorff.fr\/wp-content\/uploads\/2026\/02\/fontaine-chapelle-st-Symphorien-Longueville-225x300.jpg 225w, https:\/\/paroisses-guemene-sur-scorff.fr\/wp-content\/uploads\/2026\/02\/fontaine-chapelle-st-Symphorien-Longueville.jpg 853w\" sizes=\"auto, (max-width: 768px) 100vw, 768px\" \/><figcaption class=\"wp-element-caption\">Chapelle de Longueville St Symphorien<\/figcaption><\/figure>\n<\/div>\n<\/div>\n\n\n\n<div class=\"wp-block-columns is-layout-flex wp-container-core-columns-is-layout-28f84493 wp-block-columns-is-layout-flex\">\n<div class=\"wp-block-column is-layout-flow wp-block-column-is-layout-flow\">\n<figure class=\"wp-block-image size-large\"><img loading=\"lazy\" decoding=\"async\" width=\"1024\" height=\"768\" src=\"http:\/\/paroisses-guemene-sur-scorff.fr\/wp-content\/uploads\/2026\/02\/Chapelle-de-La-vraie-Croix-ou-ste-Helene-Locmalo-1024x768.jpg\" alt=\"\" class=\"wp-image-133\" srcset=\"https:\/\/paroisses-guemene-sur-scorff.fr\/wp-content\/uploads\/2026\/02\/Chapelle-de-La-vraie-Croix-ou-ste-Helene-Locmalo-1024x768.jpg 1024w, https:\/\/paroisses-guemene-sur-scorff.fr\/wp-content\/uploads\/2026\/02\/Chapelle-de-La-vraie-Croix-ou-ste-Helene-Locmalo-300x225.jpg 300w, https:\/\/paroisses-guemene-sur-scorff.fr\/wp-content\/uploads\/2026\/02\/Chapelle-de-La-vraie-Croix-ou-ste-Helene-Locmalo-768x576.jpg 768w, https:\/\/paroisses-guemene-sur-scorff.fr\/wp-content\/uploads\/2026\/02\/Chapelle-de-La-vraie-Croix-ou-ste-Helene-Locmalo-1536x1152.jpg 1536w, https:\/\/paroisses-guemene-sur-scorff.fr\/wp-content\/uploads\/2026\/02\/Chapelle-de-La-vraie-Croix-ou-ste-Helene-Locmalo-2048x1536.jpg 2048w\" sizes=\"auto, (max-width: 1024px) 100vw, 1024px\" \/><figcaption class=\"wp-element-caption\">Chapelle de la Vraie Croix (Ste H\u00e9l\u00e8ne)<\/figcaption><\/figure>\n<\/div>\n\n\n\n<div class=\"wp-block-column is-layout-flow wp-block-column-is-layout-flow\"><\/div>\n<\/div>\n\n\n\n<h2 class=\"wp-block-heading\">Lignol<\/h2>\n\n\n\n<p>Eglise St Pierre-St Paul<br>Chapelle de St Hervezen<br>Chapelle St Yves<br>Chapelle St Melan<\/p>\n\n\n\n<h2 class=\"wp-block-heading\">Persquen<\/h2>\n\n\n\n<p>Eglise St Adrien<br>Chapelle de P\u00e9n\u00e9ty<br>Chapelle de St Vincent<\/p>\n\n\n\n<h2 class=\"wp-block-heading\">Langoelan<\/h2>\n\n\n\n<p>Eglise St Barnab\u00e9<br>Chapelle de St Houarno<br>Chapelle de la Trinit\u00e9 \u2013 Qu\u00e9n\u00e9p\u00e9van<br>Chapelle de Locmaria<br>Chapelle de St Servais<\/p>\n","protected":false},"excerpt":{"rendered":"<p>Gu\u00e9men\u00e9-sur-Scorff Locmalo Lignol Eglise St Pierre-St PaulChapelle de St HervezenChapelle St YvesChapelle St Melan Persquen Eglise St AdrienChapelle de P\u00e9n\u00e9tyChapelle de St Vincent Langoelan Eglise St Barnab\u00e9Chapelle de St HouarnoChapelle de la Trinit\u00e9 \u2013 Qu\u00e9n\u00e9p\u00e9vanChapelle de LocmariaChapelle de St Servais<\/p>\n","protected":false},"author":1,"featured_media":0,"parent":0,"menu_order":0,"comment_status":"closed","ping_status":"closed","template":"","meta":{"iawp_total_views":7,"footnotes":""},"class_list":["post-27","page","type-page","status-publish","hentry"],"_links":{"self":[{"href":"https:\/\/paroisses-guemene-sur-scorff.fr\/index.php\/wp-json\/wp\/v2\/pages\/27","targetHints":{"allow":["GET"]}}],"collection":[{"href":"https:\/\/paroisses-guemene-sur-scorff.fr\/index.php\/wp-json\/wp\/v2\/pages"}],"about":[{"href":"https:\/\/paroisses-guemene-sur-scorff.fr\/index.php\/wp-json\/wp\/v2\/types\/page"}],"author":[{"embeddable":true,"href":"https:\/\/paroisses-guemene-sur-scorff.fr\/index.php\/wp-json\/wp\/v2\/users\/1"}],"replies":[{"embeddable":true,"href":"https:\/\/paroisses-guemene-sur-scorff.fr\/index.php\/wp-json\/wp\/v2\/comments?post=27"}],"version-history":[{"count":7,"href":"https:\/\/paroisses-guemene-sur-scorff.fr\/index.php\/wp-json\/wp\/v2\/pages\/27\/revisions"}],"predecessor-version":[{"id":189,"href":"https:\/\/paroisses-guemene-sur-scorff.fr\/index.php\/wp-json\/wp\/v2\/pages\/27\/revisions\/189"}],"wp:attachment":[{"href":"https:\/\/paroisses-guemene-sur-scorff.fr\/index.php\/wp-json\/wp\/v2\/media?parent=27"}],"curies":[{"name":"wp","href":"https:\/\/api.w.org\/{rel}","templated":true}]}}