{"id":147,"date":"2026-03-11T09:39:45","date_gmt":"2026-03-11T09:39:45","guid":{"rendered":"https:\/\/paroisses-guemene-sur-scorff.fr\/?page_id=147"},"modified":"2026-03-11T14:14:35","modified_gmt":"2026-03-11T14:14:35","slug":"dons","status":"publish","type":"page","link":"https:\/\/paroisses-guemene-sur-scorff.fr\/index.php\/dons\/","title":{"rendered":"Dons"},"content":{"rendered":"\n<p>L\u2019\u00c9glise ne vit que de dons. Donner au denier est une responsabilit\u00e9 solidaire que partagent tous les catholiques ; adh\u00e9rer et participer pleinement \u00e0 la mission de l\u2019\u00c9glise. Donner, c\u2019est aimer, c\u2019est esp\u00e9rer, c\u2019est accueillir, c\u2019est transmettre.<\/p>\n\n\n\n<div class=\"wp-block-buttons is-content-justification-center is-layout-flex wp-container-core-buttons-is-layout-a89b3969 wp-block-buttons-is-layout-flex\">\n<div class=\"wp-block-button\"><a class=\"wp-block-button__link wp-element-button\" href=\"https:\/\/don.diocese-vannes.fr\/denier\/~mon-don?_cv=1\" target=\"_blank\" rel=\"noreferrer noopener\"><strong>Je donne en cliquant ici<\/strong><\/a><\/div>\n<\/div>\n\n\n\n<p>puis je choisis le nom de ma paroisse : \u201cGu\u00e9men\u00e9-sur-Scorff\u201d, \u00ab\u00a0Lango\u00eblan\u00a0\u00bb, \u00ab\u00a0Lignol\u00a0\u00bb, \u00ab\u00a0Locmalo\u00a0\u00bb ou \u00ab\u00a0Persquen\u00a0\u00bb.<\/p>\n\n\n\n<p>Concr\u00e8tement, les baptis\u00e9s sont invit\u00e9s \u00e0 \u00ab donner \u00bb de diff\u00e9rentes mani\u00e8res\u2026<\/p>\n\n\n\n<h2 class=\"wp-block-heading\">La qu\u00eate lors des offices (messes, mariages, bapt\u00eames\u2026)<\/h2>\n\n\n\n<p>En d\u00e9posant de l\u2019argent liquide\u00a0dans les corbeilles qui circulent<\/p>\n\n\n\n<h2 class=\"wp-block-heading\">Le casuel<\/h2>\n\n\n\n<p>C\u2019est l\u2019offrande que l\u2019on est invit\u00e9 \u00e0 faire \u00e0 l\u2019occasion d\u2019un \u00e9v\u00e8nement particulier \u2013 bapt\u00eame, mariage, fun\u00e9railles. Dans le dioc\u00e8se \u00e0 Vannes, nous sommes invit\u00e9s \u00e0 donner :<br>Pour un bapt\u00eame : entre 70 et 300 euros.<br>Pour des fun\u00e9railles : entre 200 et 400 euros<br>Pour un mariage : entre 250 et 500 euros<br>Nous pouvons donner plus, nous pouvons donner moins. Chacun donne selon ses possibilit\u00e9s.<\/p>\n\n\n\n<h2 class=\"wp-block-heading\">Le denier de l\u2019\u00c9glise<\/h2>\n\n\n\n<p>La communaut\u00e9 paroissiale accompagne les baptis\u00e9s tout au long de leur existence (\u00e9veil \u00e0 la foi, cat\u00e9chisme, liturgie, formations, \u0153uvres caritatives, groupes de r\u00e9flexion, mouvements\u2026). Pour faire vivre l\u2019\u00c9glise, une fois par an, les fid\u00e8les sont invit\u00e9s \u00e0 donner une part de leurs revenus. Concr\u00e8tement, vous trouverez des enveloppes sur les pr\u00e9sentoirs des \u00e9glises. On peut aussi faire <a href=\"https:\/\/www.vannes.catholique.fr\/faire-un-don\/\" data-type=\"link\" data-id=\"https:\/\/www.vannes.catholique.fr\/faire-un-don\/\" target=\"_blank\" rel=\"noreferrer noopener\">un don en ligne depuis le site internet du dioc\u00e8se de Vannes<\/a>.<\/p>\n\n\n\n<h2 class=\"wp-block-heading\">Les intentions de messe<\/h2>\n\n\n\n<p>Toute messe est c\u00e9l\u00e9br\u00e9e pour le monde entier. Cependant, dans la grande Tradition de l\u2019\u00c9glise, les baptis\u00e9s peuvent confier des intentions particuli\u00e8res, le plus souvent pour un d\u00e9funt, mais aussi pour un malade ou une difficult\u00e9, \u00e0 l\u2019occasion d\u2019une naissance, d\u2019un anniversaire, d\u2019un mariage ou pour un autre motif d\u2019action de gr\u00e2ce.<br>En demandant la c\u00e9l\u00e9bration d\u2019une messe, vous apportez une aide mat\u00e9rielle aux pr\u00eatres.<br>Nous pouvons demander les intentions de messe au presbyt\u00e8re de sa paroisse. Dans le dioc\u00e8se \u00e0 Vannes, nous sommes invit\u00e9s \u00e0 donner \u00e0 partir de 18 euros.<\/p>\n","protected":false},"excerpt":{"rendered":"<p>L\u2019\u00c9glise ne vit que de dons. Donner au denier est une responsabilit\u00e9 solidaire que partagent tous les catholiques ; adh\u00e9rer et participer pleinement \u00e0 la mission de l\u2019\u00c9glise. Donner, c\u2019est aimer, c\u2019est esp\u00e9rer, c\u2019est accueillir, c\u2019est transmettre. puis je choisis le nom de ma paroisse : \u201cGu\u00e9men\u00e9-sur-Scorff\u201d, \u00ab\u00a0Lango\u00eblan\u00a0\u00bb, \u00ab\u00a0Lignol\u00a0\u00bb, \u00ab\u00a0Locmalo\u00a0\u00bb ou \u00ab\u00a0Persquen\u00a0\u00bb. Concr\u00e8tement, les baptis\u00e9s [&hellip;]<\/p>\n","protected":false},"author":1,"featured_media":0,"parent":0,"menu_order":0,"comment_status":"closed","ping_status":"closed","template":"","meta":{"iawp_total_views":0,"footnotes":""},"class_list":["post-147","page","type-page","status-publish","hentry"],"_links":{"self":[{"href":"https:\/\/paroisses-guemene-sur-scorff.fr\/index.php\/wp-json\/wp\/v2\/pages\/147","targetHints":{"allow":["GET"]}}],"collection":[{"href":"https:\/\/paroisses-guemene-sur-scorff.fr\/index.php\/wp-json\/wp\/v2\/pages"}],"about":[{"href":"https:\/\/paroisses-guemene-sur-scorff.fr\/index.php\/wp-json\/wp\/v2\/types\/page"}],"author":[{"embeddable":true,"href":"https:\/\/paroisses-guemene-sur-scorff.fr\/index.php\/wp-json\/wp\/v2\/users\/1"}],"replies":[{"embeddable":true,"href":"https:\/\/paroisses-guemene-sur-scorff.fr\/index.php\/wp-json\/wp\/v2\/comments?post=147"}],"version-history":[{"count":9,"href":"https:\/\/paroisses-guemene-sur-scorff.fr\/index.php\/wp-json\/wp\/v2\/pages\/147\/revisions"}],"predecessor-version":[{"id":163,"href":"https:\/\/paroisses-guemene-sur-scorff.fr\/index.php\/wp-json\/wp\/v2\/pages\/147\/revisions\/163"}],"wp:attachment":[{"href":"https:\/\/paroisses-guemene-sur-scorff.fr\/index.php\/wp-json\/wp\/v2\/media?parent=147"}],"curies":[{"name":"wp","href":"https:\/\/api.w.org\/{rel}","templated":true}]}}