{"id":184,"date":"2026-03-11T15:10:49","date_gmt":"2026-03-11T15:10:49","guid":{"rendered":"http:\/\/paroisses-guemene-sur-scorff.fr\/?page_id=184"},"modified":"2026-03-11T15:15:29","modified_gmt":"2026-03-11T15:15:29","slug":"chapelle-de-kerlenat-notre-dame-de-grace","status":"publish","type":"page","link":"http:\/\/paroisses-guemene-sur-scorff.fr\/index.php\/chapelle-de-kerlenat-notre-dame-de-grace\/","title":{"rendered":"Chapelle de Kerl\u00e9nat &#8211; Notre Dame de Gr\u00e2ce"},"content":{"rendered":"\n<figure class=\"wp-block-image size-large\"><img loading=\"lazy\" decoding=\"async\" width=\"768\" height=\"1024\" src=\"http:\/\/paroisses-guemene-sur-scorff.fr\/wp-content\/uploads\/2026\/02\/Chapelle-de-Kerlenat-768x1024.jpg\" alt=\"\" class=\"wp-image-131\" srcset=\"http:\/\/paroisses-guemene-sur-scorff.fr\/wp-content\/uploads\/2026\/02\/Chapelle-de-Kerlenat-768x1024.jpg 768w, http:\/\/paroisses-guemene-sur-scorff.fr\/wp-content\/uploads\/2026\/02\/Chapelle-de-Kerlenat-225x300.jpg 225w, http:\/\/paroisses-guemene-sur-scorff.fr\/wp-content\/uploads\/2026\/02\/Chapelle-de-Kerlenat.jpg 854w\" sizes=\"auto, (max-width: 768px) 100vw, 768px\" \/><\/figure>\n\n\n\n<p>Cette chapelle cach\u00e9e au fond du village m\u00e9riterait beaucoup plus d&rsquo;attention car \u00e0 l&rsquo;int\u00e9rieur elle est magnifique et a servie de mod\u00e8le \u00e0 beaucoup d&rsquo;autres chapelles du pays Pourleth et notamment \u00e0 celle du Croisty. La statuaire polychrom\u00e9e et les sabli\u00e8res sont d&rsquo;une grande finesse, l&rsquo;imagerie fantastique propre au moyen age est particuli\u00e8rement int\u00e9ressante. Cette chapelle date de la fin XV\u00e8me d\u00e9but XVI\u00e8me et les Princes de Rohan-Gu\u00e9men\u00e9 ont financ\u00e9 son am\u00e9nagement.<br>Le cantique est en fait un \u00ab je vous salue Marie \u00bb.<\/p>\n\n\n\n<figure class=\"wp-block-embed is-type-video is-provider-youtube wp-block-embed-youtube wp-embed-aspect-16-9 wp-has-aspect-ratio\"><div class=\"wp-block-embed__wrapper\">\n<iframe loading=\"lazy\" title=\"Locmalo kerlenat ND des Gr\u00e2ces\" width=\"500\" height=\"281\" src=\"https:\/\/www.youtube.com\/embed\/tdmIcdG5nok?feature=oembed\" frameborder=\"0\" allow=\"accelerometer; autoplay; clipboard-write; encrypted-media; gyroscope; picture-in-picture; web-share\" referrerpolicy=\"strict-origin-when-cross-origin\" allowfullscreen><\/iframe>\n<\/div><\/figure>\n\n\n\n<p>ND des Gr\u00e2ces de Kerl\u00e9nat<\/p>\n\n\n\n<p>Ni ho salud, o lan a hr\u00e8s<\/p>\n\n\n\n<ol class=\"wp-block-list\">\n<li>Ni ho salud, o lan a hr\u00e8s<br>Er sant\u00e9lan zo bet jam\u00e9s, Mari<br>Er sant\u00e9lan zo bet jam\u00e9s.<\/li>\n\n\n\n<li>Genoh \u00e9ma en Aotrou Dou\u00e9<br>Get e din\u00e9ran karant\u00e9, Mari<br>Get e din\u00e9ran karant\u00e9<\/li>\n\n\n\n<li>Dreist en holl groag\u00e9 b\u00e9niget<br>Hui zo Mamm ha Gw\u00e9rhiez berpet, Mari<br>Hui zo Mamm ha Gwerhiez berpet<\/li>\n\n\n\n<li>B\u00e9niget \u00e9 e\u00f9\u00e9 J\u00e9zus<br>Er fr\u00e8h a ho korv pr\u00e9sius, Mari<br>Er fr\u00e8h a ho korv pr\u00e9sius.<\/li>\n<\/ol>\n\n\n\n<div class=\"wp-block-buttons is-content-justification-center is-layout-flex wp-container-core-buttons-is-layout-a89b3969 wp-block-buttons-is-layout-flex\">\n<div class=\"wp-block-button\"><a class=\"wp-block-button__link wp-element-button\" href=\"https:\/\/www.youtube.com\/@Herv%C3%A9LQ\" target=\"_blank\" rel=\"noreferrer noopener\">Retrouvez l&rsquo;ensemble des cantiques du Pays Pourleth sur la cha\u00eene YouTube <\/a><\/div>\n<\/div>\n\n\n\n<p><\/p>\n","protected":false},"excerpt":{"rendered":"<p>Cette chapelle cach\u00e9e au fond du village m\u00e9riterait beaucoup plus d&rsquo;attention car \u00e0 l&rsquo;int\u00e9rieur elle est magnifique et a servie de mod\u00e8le \u00e0 beaucoup d&rsquo;autres chapelles du pays Pourleth et notamment \u00e0 celle du Croisty. La statuaire polychrom\u00e9e et les sabli\u00e8res sont d&rsquo;une grande finesse, l&rsquo;imagerie fantastique propre au moyen age est particuli\u00e8rement int\u00e9ressante. Cette [&hellip;]<\/p>\n","protected":false},"author":1,"featured_media":0,"parent":0,"menu_order":0,"comment_status":"closed","ping_status":"closed","template":"","meta":{"iawp_total_views":4,"footnotes":""},"class_list":["post-184","page","type-page","status-publish","hentry"],"_links":{"self":[{"href":"http:\/\/paroisses-guemene-sur-scorff.fr\/index.php\/wp-json\/wp\/v2\/pages\/184","targetHints":{"allow":["GET"]}}],"collection":[{"href":"http:\/\/paroisses-guemene-sur-scorff.fr\/index.php\/wp-json\/wp\/v2\/pages"}],"about":[{"href":"http:\/\/paroisses-guemene-sur-scorff.fr\/index.php\/wp-json\/wp\/v2\/types\/page"}],"author":[{"embeddable":true,"href":"http:\/\/paroisses-guemene-sur-scorff.fr\/index.php\/wp-json\/wp\/v2\/users\/1"}],"replies":[{"embeddable":true,"href":"http:\/\/paroisses-guemene-sur-scorff.fr\/index.php\/wp-json\/wp\/v2\/comments?post=184"}],"version-history":[{"count":4,"href":"http:\/\/paroisses-guemene-sur-scorff.fr\/index.php\/wp-json\/wp\/v2\/pages\/184\/revisions"}],"predecessor-version":[{"id":191,"href":"http:\/\/paroisses-guemene-sur-scorff.fr\/index.php\/wp-json\/wp\/v2\/pages\/184\/revisions\/191"}],"wp:attachment":[{"href":"http:\/\/paroisses-guemene-sur-scorff.fr\/index.php\/wp-json\/wp\/v2\/media?parent=184"}],"curies":[{"name":"wp","href":"https:\/\/api.w.org\/{rel}","templated":true}]}}